{"id":3,"date":"2025-09-28T17:34:11","date_gmt":"2025-09-28T17:34:11","guid":{"rendered":"http:\/\/verslun.transisland.is\/?page_id=3"},"modified":"2025-09-29T19:09:48","modified_gmt":"2025-09-29T19:09:48","slug":"terms","status":"publish","type":"page","link":"https:\/\/verslun.transisland.is\/en\/terms\/","title":{"rendered":"Terms"},"content":{"rendered":"<h2 class=\"wp-block-heading\">Who we are<\/h2>\n\n\n\n<p>Trans Iceland\u2019s Online Store is operated by <a href=\"https:\/\/transisland.is\">Trans Iceland<\/a> (kennitala: 491107-0650). Trans Iceland is a non-profit NGO representing trans people in Iceland and this online store exists for fundraising purposes only.<\/p>\n\n\n\n<h2 class=\"wp-block-heading\">Delivery methods<\/h2>\n\n\n\n<p>Orders are only delivered through <a href=\"https:\/\/dropp.is\">Dropp<\/a>'s delivery service. As the online store is exclusively run by volunteers, picking up orders is not an option. Delivery methods available vary by location and are automatically updated on the checkout page. We try to get orders to Dropp within a reasonable timeframe, but cannot promise any certain time due to being restricted to volunteer work only. Customers will receive an order confirmation via email. Orders are not handed over to Dropp until Trans Iceland has received payment.<\/p>\n\n\n\n<h2 class=\"wp-block-heading\">Payment methods<\/h2>\n\n\n\n<p>We only accept payments through <a href=\"https:\/\/www.aur.is\">Aur<\/a> and bank transfer. More information about payment methods can be found on the checkout page. If payment by bank transfer is chosen, customers are asked to send a receipt for the transfer via email to stjorn@transisland.is.<\/p>\n\n\n\n<h2 class=\"wp-block-heading\">Use of personal data<\/h2>\n\n\n\n<p>This website uses cookies to track the products in your cart, along with a temporary user ID which is deleted after two days.<\/p>\n\n\n\n<p>Users\u2019 personal details entered during the checkout process will be used to process orders and are shared with Dropp.<\/p>","protected":false},"excerpt":{"rendered":"<p>Hver vi\u00f0 erum Vefverslun Trans \u00cdslands er haldi\u00f0 \u00fati af Trans \u00cdslandi, f\u00e9lagi trans f\u00f3lks \u00e1 \u00cdslandi (kt. 491107-0650). Trans \u00cdsland eru \u00f3hagna\u00f0ardrifin f\u00e9lagasamt\u00f6k trans f\u00f3lks \u00e1 \u00cdslandi og er vefverslunin eing\u00f6ngu rekin \u00ed fj\u00e1r\u00f6flunarskyni fyrir f\u00e9lagi\u00f0. Afhending pantana Pantanir eru eing\u00f6ngu afhentar \u00ed gegnum sendingar\u00fej\u00f3nustu Dropp. \u00dear sem vefverslunin er rekin alfari\u00f0 af sj\u00e1lfbo\u00f0ali\u00f0um [&hellip;]<\/p>\n","protected":false},"author":1,"featured_media":0,"parent":0,"menu_order":0,"comment_status":"closed","ping_status":"open","template":"","meta":{"footnotes":""},"class_list":["post-3","page","type-page","status-publish","hentry"],"aioseo_notices":[],"_links":{"self":[{"href":"https:\/\/verslun.transisland.is\/en\/wp-json\/wp\/v2\/pages\/3","targetHints":{"allow":["GET"]}}],"collection":[{"href":"https:\/\/verslun.transisland.is\/en\/wp-json\/wp\/v2\/pages"}],"about":[{"href":"https:\/\/verslun.transisland.is\/en\/wp-json\/wp\/v2\/types\/page"}],"author":[{"embeddable":true,"href":"https:\/\/verslun.transisland.is\/en\/wp-json\/wp\/v2\/users\/1"}],"replies":[{"embeddable":true,"href":"https:\/\/verslun.transisland.is\/en\/wp-json\/wp\/v2\/comments?post=3"}],"version-history":[{"count":3,"href":"https:\/\/verslun.transisland.is\/en\/wp-json\/wp\/v2\/pages\/3\/revisions"}],"predecessor-version":[{"id":179,"href":"https:\/\/verslun.transisland.is\/en\/wp-json\/wp\/v2\/pages\/3\/revisions\/179"}],"wp:attachment":[{"href":"https:\/\/verslun.transisland.is\/en\/wp-json\/wp\/v2\/media?parent=3"}],"curies":[{"name":"wp","href":"https:\/\/api.w.org\/{rel}","templated":true}]}}